{"id":9061,"date":"2026-01-20T22:17:05","date_gmt":"2026-01-20T22:17:05","guid":{"rendered":"https:\/\/gogoist.com\/?post_type=product&#038;p=9061"},"modified":"2026-01-28T00:37:51","modified_gmt":"2026-01-28T00:37:51","slug":"ozel-arac-mercedes-vito-vw","status":"publish","type":"product","link":"https:\/\/gogoist.com\/en\/product\/ozel-arac-mercedes-vito-vw\/","title":{"rendered":"\u00d6zel Ara\u00e7 Mercedes Vito &#038; VW"},"content":{"rendered":"","protected":false},"excerpt":{"rendered":"<p>\u015eehir i\u00e7i veya havaliman\u0131 transferleriniz i\u00e7in Mercedes Vito &#038; VW L\u00fcks Van \u2013 profesyonel \u015fof\u00f6r, geni\u015f bagaj ve premium konfor.<\/p>","protected":false},"featured_media":7172,"comment_status":"closed","ping_status":"closed","template":"","meta":[],"product_brand":[40],"product_cat":[16],"product_tag":[],"class_list":{"0":"post-9061","1":"product","2":"type-product","3":"status-publish","4":"has-post-thumbnail","6":"product_brand-v-class-vip-luxury","7":"product_cat-uncategorized","9":"first","10":"instock","11":"sale","12":"shipping-taxable","13":"purchasable","14":"product-type-ovabrw_car_rental"},"_links":{"self":[{"href":"https:\/\/gogoist.com\/en\/wp-json\/wp\/v2\/product\/9061","targetHints":{"allow":["GET"]}}],"collection":[{"href":"https:\/\/gogoist.com\/en\/wp-json\/wp\/v2\/product"}],"about":[{"href":"https:\/\/gogoist.com\/en\/wp-json\/wp\/v2\/types\/product"}],"replies":[{"embeddable":true,"href":"https:\/\/gogoist.com\/en\/wp-json\/wp\/v2\/comments?post=9061"}],"wp:featuredmedia":[{"embeddable":true,"href":"https:\/\/gogoist.com\/en\/wp-json\/wp\/v2\/media\/7172"}],"wp:attachment":[{"href":"https:\/\/gogoist.com\/en\/wp-json\/wp\/v2\/media?parent=9061"}],"wp:term":[{"taxonomy":"product_brand","embeddable":true,"href":"https:\/\/gogoist.com\/en\/wp-json\/wp\/v2\/product_brand?post=9061"},{"taxonomy":"product_cat","embeddable":true,"href":"https:\/\/gogoist.com\/en\/wp-json\/wp\/v2\/product_cat?post=9061"},{"taxonomy":"product_tag","embeddable":true,"href":"https:\/\/gogoist.com\/en\/wp-json\/wp\/v2\/product_tag?post=9061"}],"curies":[{"name":"wp","href":"https:\/\/api.w.org\/{rel}","templated":true}]}}