{"id":9406,"date":"2026-01-30T16:41:45","date_gmt":"2026-01-30T16:41:45","guid":{"rendered":"https:\/\/gogoist.com\/?page_id=9406"},"modified":"2026-01-30T16:52:54","modified_gmt":"2026-01-30T16:52:54","slug":"mesafeli-satis-sozlesmesi","status":"publish","type":"page","link":"https:\/\/gogoist.com\/en\/mesafeli-satis-sozlesmesi\/","title":{"rendered":"Distance Selling Agreement"},"content":{"rendered":"<div data-elementor-type=\"wp-page\" data-elementor-id=\"9406\" class=\"elementor elementor-9406\">\n\t\t\t\t<div class=\"elementor-element elementor-element-1875666 e-flex e-con-boxed e-con e-parent\" data-id=\"1875666\" data-element_type=\"container\" data-e-type=\"container\">\n\t\t\t\t\t<div class=\"e-con-inner\">\n\t\t\t\t<div class=\"elementor-element elementor-element-017943f elementor-widget elementor-widget-heading\" data-id=\"017943f\" data-element_type=\"widget\" data-e-type=\"widget\" data-widget_type=\"heading.default\">\n\t\t\t\t\t<h2 class=\"elementor-heading-title elementor-size-default\">Distance Selling Agreement<\/h2>\t\t\t\t<\/div>\n\t\t\t\t<div class=\"elementor-element elementor-element-41ec2f5 elementor-widget elementor-widget-text-editor\" data-id=\"41ec2f5\" data-element_type=\"widget\" data-e-type=\"widget\" data-widget_type=\"text-editor.default\">\n\t\t\t\t\t\t\t\t\t<p data-start=\"197\" data-end=\"468\">This Distance Sales Agreement (\"Agreement\") is concluded electronically between the seller, whose details are given below, and the customer (\"Buyer\") who purchases the service, within the scope of the Law No. 6502 on Consumer Protection and the relevant Regulation on Distance Contracts.<\/p><hr data-start=\"470\" data-end=\"473\" \/><h4 data-start=\"475\" data-end=\"489\">1. PARTIES<\/h4><h5 data-start=\"491\" data-end=\"511\">Seller Information<\/h5><p data-start=\"513\" data-end=\"784\"><strong data-start=\"513\" data-end=\"523\">Title:<\/strong> EYL\u00dcL NAZ PAKAYDIN \u200b\u200b(Sole Proprietorship)<br data-start=\"558\" data-end=\"561\" \/><strong data-start=\"561\" data-end=\"576\">Website:<\/strong> <a class=\"decorated-link\" href=\"https:\/\/gogoist.com\/en\/?utm_source=chatgpt.com\" target=\"_new\" rel=\"noopener\" data-start=\"577\" data-end=\"596\">https:\/\/gogoist.com<\/a><br data-start=\"596\" data-end=\"599\" \/><strong data-start=\"599\" data-end=\"609\">Address:<\/strong> Yeni\u015fehir Mah. Rumi Sk. B Blok No:12 \u0130\u00e7 Kap\u0131 No:12 Ata\u015fehir \/ \u0130stanbul<br data-start=\"680\" data-end=\"683\" \/><strong data-start=\"683\" data-end=\"702\">Field of Activity:<\/strong> 493110 \u2013 Road transport of passengers within and between cities, airport shuttles (VIP Transfer Services)<br data-start=\"750\" data-end=\"753\" \/><strong data-start=\"753\" data-end=\"765\">Email:<\/strong> <a class=\"decorated-link cursor-pointer\" rel=\"noopener\" data-start=\"766\" data-end=\"782\">info@gogoist.com<\/a><\/p><hr data-start=\"786\" data-end=\"789\" \/><h4 data-start=\"791\" data-end=\"810\">Recipient Information<\/h4><p data-start=\"812\" data-end=\"993\">The buyer is the individual who makes a reservation and purchases services through gogoist.com.<br data-start=\"897\" data-end=\"900\" \/>Recipient information includes the name, surname, telephone number, and email address provided during the booking process.<\/p><hr data-start=\"995\" data-end=\"998\" \/><h4 data-start=\"1000\" data-end=\"1024\">2) SUBJECT OF THE AGREEMENT<\/h4><p data-start=\"1026\" data-end=\"1249\">The subject of this agreement is the sale and performance of the VIP transfer service ordered by the Buyer electronically through the Seller's website gogoist.com, and the determination of the rights and obligations of the parties regarding this transaction.<\/p><hr data-start=\"1251\" data-end=\"1254\" \/><h4 data-start=\"1256\" data-end=\"1288\">3) ESSENTIAL QUALITIES OF THE SERVICE<\/h4><p data-start=\"1290\" data-end=\"1323\">Service offered by the seller:<\/p><ul data-start=\"1325\" data-end=\"1436\"><li data-start=\"1325\" data-end=\"1349\"><p data-start=\"1327\" data-end=\"1349\">Airport transfer<\/p><\/li><li data-start=\"1350\" data-end=\"1376\"><p data-start=\"1352\" data-end=\"1376\">Hotel\/address transfer<\/p><\/li><li data-start=\"1377\" data-end=\"1436\"><p data-start=\"1379\" data-end=\"1436\">Private chauffeured transportation services within and between cities.<\/p><\/li><\/ul><p data-start=\"1438\" data-end=\"1562\">The date, time, route, number of people, and total fee for the service are clearly displayed to the Buyer via the system before payment.<\/p><hr data-start=\"1564\" data-end=\"1567\" \/><h4 data-start=\"1569\" data-end=\"1589\">4) PRICE AND PAYMENT<\/h4><p data-start=\"1591\" data-end=\"1669\">The service fee is calculated by the system based on the selected route and distance.<\/p><p data-start=\"1671\" data-end=\"1688\">Payment methods:<\/p><h5 data-start=\"1690\" data-end=\"1732\">A) Online Payment (Via Website)<\/h5><ul data-start=\"1734\" data-end=\"1836\"><li data-start=\"1734\" data-end=\"1767\"><p data-start=\"1736\" data-end=\"1767\">With credit card \/ debit card<\/p><\/li><li data-start=\"1768\" data-end=\"1804\"><p data-start=\"1770\" data-end=\"1804\">Via SSL security infrastructure<\/p><\/li><li data-start=\"1805\" data-end=\"1836\"><p data-start=\"1807\" data-end=\"1836\">Collected online<\/p><\/li><\/ul><p data-start=\"1838\" data-end=\"1888\">Credit card information is not stored by the Seller.<\/p><hr data-start=\"1890\" data-end=\"1893\" \/><h4 data-start=\"1895\" data-end=\"1914\">B) Payment at the Vehicle<\/h4><p data-start=\"1916\" data-end=\"2183\">The buyer can choose the \"pay in the vehicle\" option during booking.<br data-start=\"1991\" data-end=\"1994\" \/>In this case, the service fee will be collected in cash and\/or other payment methods deemed appropriate by the Seller at the start of the transfer or during the performance of the service (according to the operational flow).<\/p><p data-start=\"2185\" data-end=\"2379\">In the case of payment on arrival, the Seller reserves the right to claim damages incurred if the Buyer fails to complete the reservation (no-show) or acts in violation of the cancellation terms.<\/p><hr data-start=\"2381\" data-end=\"2384\" \/><h4 data-start=\"2386\" data-end=\"2406\">5) PERFORMANCE OF SERVICE<\/h4><p data-start=\"2408\" data-end=\"2444\">The transfer service is the one chosen by the Buyer:<\/p><ul data-start=\"2446\" data-end=\"2492\"><li data-start=\"2446\" data-end=\"2455\"><p data-start=\"2448\" data-end=\"2455\">Date<\/p><\/li><li data-start=\"2456\" data-end=\"2464\"><p data-start=\"2458\" data-end=\"2464\">Hour<\/p><\/li><li data-start=\"2465\" data-end=\"2492\"><p data-start=\"2467\" data-end=\"2492\">Pickup and destination<\/p><\/li><\/ul><p data-start=\"2494\" data-end=\"2528\">It is carried out according to the information.<\/p><p data-start=\"2530\" data-end=\"2608\">The vendor provides the necessary organization to ensure the service is delivered completely.<\/p><hr data-start=\"2610\" data-end=\"2613\" \/><h4 data-start=\"2615\" data-end=\"2632\">6) RIGHT OF WITHDRAWAL<\/h4><p data-start=\"2634\" data-end=\"2692\">In accordance with Article 15 of the Regulation on Distance Contracts;<\/p><p data-start=\"2694\" data-end=\"2810\"><strong data-start=\"2694\" data-end=\"2810\">There is no right to cancel transportation and transfer services that must be performed on a specific date or during a specific period.<\/strong><\/p><p data-start=\"2812\" data-end=\"2915\">Therefore, the Buyer acknowledges that they do not have the right to cancel the VIP transfer service, which is tied to the booking date.<\/p><hr data-start=\"2917\" data-end=\"2920\" \/><h4 data-start=\"2922\" data-end=\"2951\">7) CANCELLATION AND REFUND CONDITIONS<\/h4><p data-start=\"2953\" data-end=\"3065\">Cancellation and refund processes are governed by the Reservation Cancellation and Refund Policy published on the website.<\/p><ul data-start=\"3067\" data-end=\"3218\"><li data-start=\"3067\" data-end=\"3153\"><p data-start=\"3069\" data-end=\"3153\">A full refund is available for cancellations made at least 24 hours before the transfer time.<\/p><\/li><li data-start=\"3154\" data-end=\"3218\"><p data-start=\"3156\" data-end=\"3218\">Cancellations made within the last 24 hours may not be refunded.<\/p><\/li><\/ul><hr data-start=\"3220\" data-end=\"3223\" \/><h4 data-start=\"3225\" data-end=\"3256\">8) OBLIGATIONS OF THE PARTIES<\/h4><h5 data-start=\"3258\" data-end=\"3287\">Seller's Responsibilities<\/h5><ul data-start=\"3289\" data-end=\"3408\"><li data-start=\"3289\" data-end=\"3334\"><p data-start=\"3291\" data-end=\"3334\">To provide the service at the specified date and time.<\/p><\/li><li data-start=\"3335\" data-end=\"3373\"><p data-start=\"3337\" data-end=\"3373\">To provide a secure payment infrastructure.<\/p><\/li><li data-start=\"3374\" data-end=\"3408\"><p data-start=\"3376\" data-end=\"3408\">Keeping recipient information confidential<\/p><\/li><\/ul><h5 data-start=\"3410\" data-end=\"3438\">Buyer's Obligations<\/h5><ul data-start=\"3440\" data-end=\"3551\"><li data-start=\"3440\" data-end=\"3480\"><p data-start=\"3442\" data-end=\"3480\">Entering reservation information correctly<\/p><\/li><li data-start=\"3481\" data-end=\"3517\"><p data-start=\"3483\" data-end=\"3517\">Be present at the designated time.<\/p><\/li><li data-start=\"3518\" data-end=\"3551\"><p data-start=\"3520\" data-end=\"3551\">Accept the terms of service.<\/p><\/li><\/ul><hr data-start=\"3553\" data-end=\"3556\" \/><h4 data-start=\"3558\" data-end=\"3591\">9) PROTECTION OF PERSONAL DATA<\/h4><p data-start=\"3593\" data-end=\"3696\">The recipient's personal data is processed and protected in accordance with the Privacy Policy and the Personal Data Protection Law (KVKK) Disclosure Statement.<\/p><hr data-start=\"3698\" data-end=\"3701\" \/><h4 data-start=\"3703\" data-end=\"3727\">10) DISPUTE RESOLUTION<\/h4><p data-start=\"3729\" data-end=\"3774\">In case of any disputes arising from this agreement:<\/p><ul data-start=\"3776\" data-end=\"3829\"><li data-start=\"3776\" data-end=\"3804\"><p data-start=\"3778\" data-end=\"3804\">Consumer Arbitration Boards<\/p><\/li><li data-start=\"3805\" data-end=\"3829\"><p data-start=\"3807\" data-end=\"3829\">Consumer Courts<\/p><\/li><\/ul><p data-start=\"3831\" data-end=\"3842\">is authorized.<\/p><hr data-start=\"3844\" data-end=\"3847\" \/><h4 data-start=\"3849\" data-end=\"3864\">11) EFFECTIVE DATE<\/h4><p data-start=\"3866\" data-end=\"3987\">By making a reservation through gogoist.com, the buyer is deemed to have read and accepted all the terms and conditions of this agreement.<\/p><p data-start=\"3989\" data-end=\"4116\">If online payment is chosen, the contract enters into force electronically upon completion of the payment process.<\/p>\t\t\t\t\t\t\t\t<\/div>\n\t\t\t\t\t<\/div>\n\t\t\t\t<\/div>\n\t\t\t\t<\/div>","protected":false},"excerpt":{"rendered":"<p>Mesafeli Sat\u0131\u015f S\u00f6zle\u015fmesi \u0130\u015fbu Mesafeli Sat\u0131\u015f S\u00f6zle\u015fmesi (\u201cS\u00f6zle\u015fme\u201d), a\u015fa\u011f\u0131da bilgileri verilen sat\u0131c\u0131 ile hizmeti sat\u0131n alan m\u00fc\u015fteri (\u201cAl\u0131c\u0131\u201d) aras\u0131nda, 6502 say\u0131l\u0131 T\u00fcketicinin Korunmas\u0131 Hakk\u0131nda Kanun ve ilgili Mesafeli S\u00f6zle\u015fmeler Y\u00f6netmeli\u011fi kapsam\u0131nda elektronik ortamda kurulmu\u015ftur. 1) TARAFLAR Sat\u0131c\u0131 Bilgileri Unvan: EYL\u00dcL NAZ PAKAYDIN (\u015eah\u0131s \u015eirketi)Web Sitesi: https:\/\/gogoist.comAdres: Yeni\u015fehir Mah. Rumi Sk. B Blok No:12 \u0130\u00e7 Kap\u0131 [&hellip;]<\/p>\n","protected":false},"author":1,"featured_media":0,"parent":0,"menu_order":0,"comment_status":"closed","ping_status":"closed","template":"","meta":{"footnotes":""},"class_list":["post-9406","page","type-page","status-publish","hentry"],"_links":{"self":[{"href":"https:\/\/gogoist.com\/en\/wp-json\/wp\/v2\/pages\/9406","targetHints":{"allow":["GET"]}}],"collection":[{"href":"https:\/\/gogoist.com\/en\/wp-json\/wp\/v2\/pages"}],"about":[{"href":"https:\/\/gogoist.com\/en\/wp-json\/wp\/v2\/types\/page"}],"author":[{"embeddable":true,"href":"https:\/\/gogoist.com\/en\/wp-json\/wp\/v2\/users\/1"}],"replies":[{"embeddable":true,"href":"https:\/\/gogoist.com\/en\/wp-json\/wp\/v2\/comments?post=9406"}],"version-history":[{"count":10,"href":"https:\/\/gogoist.com\/en\/wp-json\/wp\/v2\/pages\/9406\/revisions"}],"predecessor-version":[{"id":9417,"href":"https:\/\/gogoist.com\/en\/wp-json\/wp\/v2\/pages\/9406\/revisions\/9417"}],"wp:attachment":[{"href":"https:\/\/gogoist.com\/en\/wp-json\/wp\/v2\/media?parent=9406"}],"curies":[{"name":"wp","href":"https:\/\/api.w.org\/{rel}","templated":true}]}}