{"id":7675,"date":"2025-12-28T02:55:28","date_gmt":"2025-12-28T02:55:28","guid":{"rendered":"https:\/\/gogoist.com\/?page_id=7675"},"modified":"2026-01-02T16:06:48","modified_gmt":"2026-01-02T16:06:48","slug":"hizmetlerimiz","status":"publish","type":"page","link":"https:\/\/gogoist.com\/en\/hizmetlerimiz\/","title":{"rendered":"Our services"},"content":{"rendered":"<div data-elementor-type=\"wp-page\" data-elementor-id=\"7675\" class=\"elementor elementor-7675\">\n\t\t\t\t<div class=\"elementor-element elementor-element-ec04237 e-flex e-con-boxed e-con e-parent\" data-id=\"ec04237\" data-element_type=\"container\" data-e-type=\"container\">\n\t\t\t\t\t<div class=\"e-con-inner\">\n\t\t\t\t<div class=\"elementor-element elementor-element-07815a9 elementor-widget elementor-widget-remons_elementor_heading\" data-id=\"07815a9\" data-element_type=\"widget\" data-e-type=\"widget\" data-widget_type=\"remons_elementor_heading.default\">\n\t\t\t\t<div class=\"elementor-widget-container\">\n\t\t\t\t\t\n\t\t<div class=\"ova-heading\">\n            <div class=\"top-heading\">\n            \t\t\t\t\t\t<div class=\"sub-title-wrapper top\">\n\t\t\t\t\t\t\t\t\t\t\t\t\t<p class=\"sub-title\">Our services<\/p>\n\t\t\t\t\t\t\t\t\t\t\t<\/div>\n\t\t\t\t\t\t\t\t\t<div class=\"title-wrapper\" style=\"position: relative;\">\n\t\t\t\t\t\t\t\t\t\t\t\t\t<h2 class=\"title\">Professional Solutions for Every Trip<\/h2>\n\t\t\t\t\t\t\t\t\t\t\t<\/div>\n\t\t\t\t            <\/div>\n\n\t\t\t\t\t<\/div>\n\t\t\t\t\t\t<\/div>\n\t\t\t\t<\/div>\n\t\t\t\t\t<\/div>\n\t\t\t\t<\/div>\n\t\t<div class=\"elementor-element elementor-element-720ee08 e-flex e-con-boxed e-con e-child\" data-id=\"720ee08\" data-element_type=\"container\" data-e-type=\"container\">\n\t\t\t\t\t<div class=\"e-con-inner\">\n\t\t<div class=\"elementor-element elementor-element-933adaa e-con-full e-flex e-con e-child\" data-id=\"933adaa\" data-element_type=\"container\" data-e-type=\"container\">\n\t\t\t\t<div class=\"elementor-element elementor-element-73f8868 elementor-widget elementor-widget-remons_elementor_icon_box\" data-id=\"73f8868\" data-element_type=\"widget\" data-e-type=\"widget\" data-settings=\"{&quot;_animation&quot;:&quot;none&quot;,&quot;_animation_tablet&quot;:&quot;none&quot;,&quot;_animation_delay&quot;:400}\" data-widget_type=\"remons_elementor_icon_box.default\">\n\t\t\t\t<div class=\"elementor-widget-container\">\n\t\t\t\t\t\n\t\t<div class=\"ova-icon-box template1\"> \n\t\t\t\t\t\n\t\t\t<div class=\"iconbox\">\n\t\t\t\t\t\t\t\t\t\t\n\t\t\t\t\t\t<a href=\"https:\/\/gogoist.com\/en\/havalimani-transfer-hizmetleri\/\" target=\"_blank\">\n\t\t\t\t\t\t\n\t\t\t\t\t\t<\/a>\n\t\t\t\t\t\n                \t\t\t\t\t<p class=\"description\">\n<\/p>\n\t\t\t\t\n\t\t\t\t\t\n\t\t\t\t\t<a href=\"https:\/\/gogoist.com\/en\/havalimani-transfer-hizmetleri\/\" target=\"_blank\">\n\t\t\t\t\t\t\t\t<span class=\"icon\">\n\t\t\t\t\t<i aria-hidden=\"true\" class=\"flaticon flaticon-buy\"><\/i>\t\t\t\t<\/span>\n\t\t\t\t\t\n\t\t\t\t\t<\/a>\n\t\t\t\t\t\t\t<\/div>\n\n\t\t\t\t\t\t\t\t<a class=\"wrap-button\" href=\"https:\/\/gogoist.com\/en\/havalimani-transfer-hizmetleri\/\" target=\"_blank\">\n\t\t\t\t\t\t\t\t\t<div class=\"button-readmore\">\n\t\t\t\t\t\t<span class=\"text-button\">AIRPORT TRANSFER SERVICES<\/span>\n\t\t\t\t\t\t<span class=\"icon-button\"><i aria-hidden=\"true\" class=\"ovaicon ovaicon-next-4\"><\/i><\/span> \n\t\t\t\t\t<\/div> \n\t\t\t\t\t\n\t\t\t\t\t<\/a>\n\t\t\t\t\t\t<\/div>\n\t\t\t\t\t\t<\/div>\n\t\t\t\t<\/div>\n\t\t\t\t<\/div>\n\t\t<div class=\"elementor-element elementor-element-ec1d6e5 e-con-full e-flex e-con e-child\" data-id=\"ec1d6e5\" data-element_type=\"container\" data-e-type=\"container\">\n\t\t\t\t<div class=\"elementor-element elementor-element-a713326 elementor-widget elementor-widget-remons_elementor_icon_box\" data-id=\"a713326\" data-element_type=\"widget\" data-e-type=\"widget\" data-settings=\"{&quot;_animation&quot;:&quot;none&quot;,&quot;_animation_tablet&quot;:&quot;none&quot;,&quot;_animation_delay&quot;:400}\" data-widget_type=\"remons_elementor_icon_box.default\">\n\t\t\t\t<div class=\"elementor-widget-container\">\n\t\t\t\t\t\n\t\t<div class=\"ova-icon-box template1\"> \n\t\t\t\t\t\n\t\t\t<div class=\"iconbox\">\n\t\t\t\t\t\t\t\t\t\t\n\t\t\t\t\t\t<a href=\"https:\/\/gogoist.com\/en\/gunluk-ve-saatlik-soforlu-vip-arac-kiralama\/\" target=\"_blank\">\n\t\t\t\t\t\t\n\t\t\t\t\t\t<\/a>\n\t\t\t\t\t\n                \t\t\t\t\t<p class=\"description\">\n<\/p>\n\t\t\t\t\n\t\t\t\t\t\n\t\t\t\t\t<a href=\"https:\/\/gogoist.com\/en\/gunluk-ve-saatlik-soforlu-vip-arac-kiralama\/\" target=\"_blank\">\n\t\t\t\t\t\t\t\t<span class=\"icon\">\n\t\t\t\t\t<i aria-hidden=\"true\" class=\"flaticon flaticon-buy\"><\/i>\t\t\t\t<\/span>\n\t\t\t\t\t\n\t\t\t\t\t<\/a>\n\t\t\t\t\t\t\t<\/div>\n\n\t\t\t\t\t\t\t\t<a class=\"wrap-button\" href=\"https:\/\/gogoist.com\/en\/gunluk-ve-saatlik-soforlu-vip-arac-kiralama\/\" target=\"_blank\">\n\t\t\t\t\t\t\t\t\t<div class=\"button-readmore\">\n\t\t\t\t\t\t<span class=\"text-button\">DAILY AND HOURLY VIP CAR RENTAL WITH DRIVER<\/span>\n\t\t\t\t\t\t<span class=\"icon-button\"><i aria-hidden=\"true\" class=\"ovaicon ovaicon-next-4\"><\/i><\/span> \n\t\t\t\t\t<\/div> \n\t\t\t\t\t\n\t\t\t\t\t<\/a>\n\t\t\t\t\t\t<\/div>\n\t\t\t\t\t\t<\/div>\n\t\t\t\t<\/div>\n\t\t\t\t<\/div>\n\t\t<div class=\"elementor-element elementor-element-be742cb e-con-full e-flex e-con e-child\" data-id=\"be742cb\" data-element_type=\"container\" data-e-type=\"container\">\n\t\t\t\t<div class=\"elementor-element elementor-element-7ce46d6 elementor-widget elementor-widget-remons_elementor_icon_box\" data-id=\"7ce46d6\" data-element_type=\"widget\" data-e-type=\"widget\" data-settings=\"{&quot;_animation&quot;:&quot;none&quot;,&quot;_animation_tablet&quot;:&quot;none&quot;,&quot;_animation_delay&quot;:400}\" data-widget_type=\"remons_elementor_icon_box.default\">\n\t\t\t\t<div class=\"elementor-widget-container\">\n\t\t\t\t\t\n\t\t<div class=\"ova-icon-box template1\"> \n\t\t\t\t\t\n\t\t\t<div class=\"iconbox\">\n\t\t\t\t\t\t\t\t\t\t\n\t\t\t\t\t\t<a href=\"https:\/\/gogoist.com\/en\/sehirler-arasi-soforlu-vip-arac-kiralama\/\" target=\"_blank\">\n\t\t\t\t\t\t\n\t\t\t\t\t\t<\/a>\n\t\t\t\t\t\n                \t\t\t\t\t<p class=\"description\">\n<\/p>\n\t\t\t\t\n\t\t\t\t\t\n\t\t\t\t\t<a href=\"https:\/\/gogoist.com\/en\/sehirler-arasi-soforlu-vip-arac-kiralama\/\" target=\"_blank\">\n\t\t\t\t\t\t\t\t<span class=\"icon\">\n\t\t\t\t\t<i aria-hidden=\"true\" class=\"flaticon flaticon-buy\"><\/i>\t\t\t\t<\/span>\n\t\t\t\t\t\n\t\t\t\t\t<\/a>\n\t\t\t\t\t\t\t<\/div>\n\n\t\t\t\t\t\t\t\t<a class=\"wrap-button\" href=\"https:\/\/gogoist.com\/en\/sehirler-arasi-soforlu-vip-arac-kiralama\/\" target=\"_blank\">\n\t\t\t\t\t\t\t\t\t<div class=\"button-readmore\">\n\t\t\t\t\t\t<span class=\"text-button\">INTERCITY VIP VEHICLE RENTAL SERVICE WITH DRIVER<\/span>\n\t\t\t\t\t\t<span class=\"icon-button\"><i aria-hidden=\"true\" class=\"ovaicon ovaicon-next-4\"><\/i><\/span> \n\t\t\t\t\t<\/div> \n\t\t\t\t\t\n\t\t\t\t\t<\/a>\n\t\t\t\t\t\t<\/div>\n\t\t\t\t\t\t<\/div>\n\t\t\t\t<\/div>\n\t\t\t\t<\/div>\n\t\t<div class=\"elementor-element elementor-element-350a9b2 e-con-full e-flex e-con e-child\" data-id=\"350a9b2\" data-element_type=\"container\" data-e-type=\"container\">\n\t\t\t\t<div class=\"elementor-element elementor-element-4a8bcae elementor-widget elementor-widget-remons_elementor_icon_box\" data-id=\"4a8bcae\" data-element_type=\"widget\" data-e-type=\"widget\" data-settings=\"{&quot;_animation&quot;:&quot;none&quot;,&quot;_animation_tablet&quot;:&quot;none&quot;,&quot;_animation_delay&quot;:400}\" data-widget_type=\"remons_elementor_icon_box.default\">\n\t\t\t\t<div class=\"elementor-widget-container\">\n\t\t\t\t\t\n\t\t<div class=\"ova-icon-box template1\"> \n\t\t\t\t\t\n\t\t\t<div class=\"iconbox\">\n\t\t\t\t\t\t\t\t\t\t\n\t\t\t\t\t\t<a href=\"https:\/\/gogoist.com\/en\/havalimani-vip-karsilama-ve-ugurlama\/\" target=\"_blank\">\n\t\t\t\t\t\t\n\t\t\t\t\t\t<\/a>\n\t\t\t\t\t\n                \t\t\t\t\t<p class=\"description\">\n<\/p>\n\t\t\t\t\n\t\t\t\t\t\n\t\t\t\t\t<a href=\"https:\/\/gogoist.com\/en\/havalimani-vip-karsilama-ve-ugurlama\/\" target=\"_blank\">\n\t\t\t\t\t\t\t\t<span class=\"icon\">\n\t\t\t\t\t<i aria-hidden=\"true\" class=\"flaticon flaticon-buy\"><\/i>\t\t\t\t<\/span>\n\t\t\t\t\t\n\t\t\t\t\t<\/a>\n\t\t\t\t\t\t\t<\/div>\n\n\t\t\t\t\t\t\t\t<a class=\"wrap-button\" href=\"https:\/\/gogoist.com\/en\/havalimani-vip-karsilama-ve-ugurlama\/\" target=\"_blank\">\n\t\t\t\t\t\t\t\t\t<div class=\"button-readmore\">\n\t\t\t\t\t\t<span class=\"text-button\">VIP AIRPORT WELCOME AND FAREWELL SERVICES<\/span>\n\t\t\t\t\t\t<span class=\"icon-button\"><i aria-hidden=\"true\" class=\"ovaicon ovaicon-next-4\"><\/i><\/span> \n\t\t\t\t\t<\/div> \n\t\t\t\t\t\n\t\t\t\t\t<\/a>\n\t\t\t\t\t\t<\/div>\n\t\t\t\t\t\t<\/div>\n\t\t\t\t<\/div>\n\t\t\t\t<\/div>\n\t\t\t\t\t<\/div>\n\t\t\t\t<\/div>\n\t\t\t\t<\/div>","protected":false},"excerpt":{"rendered":"<p>Hizmetlerimiz Her Yolculuk \u0130\u00e7in Profesyonel \u00c7\u00f6z\u00fcmler HAVAL\u0130MANI TRANSFER H\u0130ZMETLER\u0130 G\u00dcNL\u00dcK VE SAATL\u0130K \u015eOF\u00d6RL\u00dc VIP ARA\u00c7 K\u0130RALAMA \u015eEH\u0130RLER ARASI \u015eOF\u00d6RL\u00dc VIP ARA\u00c7 K\u0130RALAMA HAVAL\u0130MANI VIP KAR\u015eILAMA VE U\u011eURLAMA<\/p>","protected":false},"author":1,"featured_media":0,"parent":0,"menu_order":0,"comment_status":"closed","ping_status":"closed","template":"","meta":{"footnotes":""},"class_list":["post-7675","page","type-page","status-publish","hentry"],"_links":{"self":[{"href":"https:\/\/gogoist.com\/en\/wp-json\/wp\/v2\/pages\/7675","targetHints":{"allow":["GET"]}}],"collection":[{"href":"https:\/\/gogoist.com\/en\/wp-json\/wp\/v2\/pages"}],"about":[{"href":"https:\/\/gogoist.com\/en\/wp-json\/wp\/v2\/types\/page"}],"author":[{"embeddable":true,"href":"https:\/\/gogoist.com\/en\/wp-json\/wp\/v2\/users\/1"}],"replies":[{"embeddable":true,"href":"https:\/\/gogoist.com\/en\/wp-json\/wp\/v2\/comments?post=7675"}],"version-history":[{"count":73,"href":"https:\/\/gogoist.com\/en\/wp-json\/wp\/v2\/pages\/7675\/revisions"}],"predecessor-version":[{"id":8423,"href":"https:\/\/gogoist.com\/en\/wp-json\/wp\/v2\/pages\/7675\/revisions\/8423"}],"wp:attachment":[{"href":"https:\/\/gogoist.com\/en\/wp-json\/wp\/v2\/media?parent=7675"}],"curies":[{"name":"wp","href":"https:\/\/api.w.org\/{rel}","templated":true}]}}