{"id":18,"date":"2025-12-28T02:43:07","date_gmt":"2025-12-28T02:43:07","guid":{"rendered":"https:\/\/gogoist.com\/?page_id=18"},"modified":"2026-01-30T16:23:11","modified_gmt":"2026-01-30T16:23:11","slug":"sartlar-ve-kosullar","status":"publish","type":"page","link":"https:\/\/gogoist.com\/en\/sartlar-ve-kosullar\/","title":{"rendered":"TERMS AND CONDITIONS"},"content":{"rendered":"<div data-elementor-type=\"wp-page\" data-elementor-id=\"18\" class=\"elementor elementor-18\">\n\t\t\t\t<div class=\"elementor-element elementor-element-7fcd9a8e e-flex e-con-boxed e-con e-parent\" data-id=\"7fcd9a8e\" data-element_type=\"container\" data-e-type=\"container\">\n\t\t\t\t\t<div class=\"e-con-inner\">\n\t\t\t\t<div class=\"elementor-element elementor-element-69cb8ee elementor-widget elementor-widget-heading\" data-id=\"69cb8ee\" data-element_type=\"widget\" data-e-type=\"widget\" data-widget_type=\"heading.default\">\n\t\t\t\t\t<h2 class=\"elementor-heading-title elementor-size-default\">TERMS AND CONDITIONS\n<\/h2>\t\t\t\t<\/div>\n\t\t\t\t<div class=\"elementor-element elementor-element-2f2e396a elementor-widget elementor-widget-text-editor\" data-id=\"2f2e396a\" data-element_type=\"widget\" data-e-type=\"widget\" data-widget_type=\"text-editor.default\">\n\t\t\t\t\t\t\t\t\t\n<p>These Terms and Conditions apply to all natural and legal persons (\u201cUser\u201d) who visit, use, or benefit from the services offered through the website www.gogoist.com.<\/p>\n<p>By accessing or using this website, anyone is deemed to have read, understood, and accepted the following terms and conditions.<\/p>\n<h6>1. PARTIES<\/h6>\n<p>These Terms and Conditions;<\/p>\n<p>Data Controller \/ Service Provider:<br \/>GoGoist<br \/>Yeni\u015fehir, Rumi Sk. No:12, 34450 Ata\u015fehir\/\u0130stanbul<br \/>E-posta: info@gogoist.com<\/p>\n<p>with<\/p>\n<p>This agreement is made between the User and the website user.<\/p>\n<h6>TOPIC 2<\/h6>\n<p>This document governs the terms and conditions for the use of information, content, communication, and services offered through GoGoist's website, social media accounts, and digital communication channels.<\/p>\n<h6>3. SCOPE OF SERVICES<\/h6>\n<p>GoGoist;<\/p>\n<p>You can provide information through the website,<\/p>\n<p>It can receive user applications, suggestions and complaints.<\/p>\n<p>We can communicate with users through digital communication channels,<\/p>\n<p>They may update, modify, or remove content related to their services.<\/p>\n<p>GoGoist reserves the right to change the scope and content of the services offered without prior notice.<\/p>\n<h6>4. USER OBLIGATIONS<\/h6>\n<p>User;<\/p>\n<p>He\/She will use the website in a manner that is lawful and ethical,<\/p>\n<p>He\/She will not provide misleading, incomplete or false information,<\/p>\n<p>It will not infringe on the rights of third parties,<\/p>\n<p>He\/She will not engage in any activity that would threaten site security,<\/p>\n<p>He\/She accepts and undertakes.<\/p>\n<p>The User is solely responsible for all legal and criminal liabilities arising from any such actions.<\/p>\n<h6>5. INTELLECTUAL PROPERTY RIGHTS<\/h6>\n<p>www.gogoist.com<br \/>All content (texts, images, logos, designs, software, etc.) on this site belongs to GoGoist or its licensors.<\/p>\n<p>These contents;<\/p>\n<p>It cannot be copied,<\/p>\n<p>Cannot be reproduced.<\/p>\n<p>It cannot be distributed,<\/p>\n<p>It cannot be used for commercial purposes,<\/p>\n<p>Otherwise, the User shall be liable for any legal consequences that may arise.<\/p>\n<h6>6. PROTECTION OF PERSONAL DATA<\/h6>\n<p>Users' personal data is processed in accordance with the Law No. 6698 on the Protection of Personal Data (KVKK) and related legislation.<\/p>\n<p>Detailed information regarding personal data can be found in the Personal Data Protection Law (KVKK) Disclosure Statement and Explicit Consent Statement on the website.<\/p>\n<h6>7. THIRD-PARTY CONNECTIONS<\/h6>\n<p>The website may contain links to third-party websites.<br \/>GoGoist is not responsible for the content or privacy practices of these sites.<\/p>\n<h6>8. LIMITATION OF LIABILITY<\/h6>\n<p>GoGoist;<\/p>\n<p>We do not guarantee that the website will operate without interruption or errors.<\/p>\n<p>The company cannot be held responsible for damages that may arise from technical malfunctions, maintenance work, or force majeure events.<\/p>\n<p>The company is not responsible for any direct or indirect damages that users may incur while using the site.<\/p>\n<h6>9. CHANGES<\/h6>\n<p>GoGoist reserves the right to update these Terms and Conditions at any time.<br \/>The updated texts are effective from the date of their publication on the website.<\/p>\n<h6>10. APPLICABLE LAW AND JURISDICTION<\/h6>\n<p>These Terms and Conditions are governed by the laws of the Republic of T\u00fcrkiye.<br \/>In case of any disputes, the Istanbul (\u00c7a\u011flayan) Courts and Enforcement Offices shall have jurisdiction.<\/p>\n<h6>11. EFFECTIVE DATE<\/h6>\n<p>These Terms and Conditions shall enter into force on the date they are published on the website.<br \/>Kullan\u0131c\u0131, siteyi kullanarak bu metni kabul etmi\u015f say\u0131l\u0131r.<\/p>\n\t\t\t\t\t\t\t\t<\/div>\n\t\t\t\t\t<\/div>\n\t\t\t\t<\/div>\n\t\t\t\t<\/div>","protected":false},"excerpt":{"rendered":"<p>\u015eARTLAR VE KO\u015eULLAR \u0130\u015fbu \u015eartlar ve Ko\u015fullar, www.gogoist.com alan adl\u0131 internet sitesini ziyaret eden, kullanan veya site \u00fczerinden sunulan hizmetlerden yararlanan t\u00fcm ger\u00e7ek ve t\u00fczel ki\u015filer (\u201cKullan\u0131c\u0131\u201d) i\u00e7in ge\u00e7erlidir. Web sitesine eri\u015fim sa\u011flayan veya siteyi kullanan herkes, a\u015fa\u011f\u0131da yer alan \u015fartlar\u0131 okumu\u015f, anlam\u0131\u015f ve kabul etmi\u015f say\u0131l\u0131r. 1. TARAFLAR \u0130\u015fbu \u015eartlar ve Ko\u015fullar; Veri Sorumlusu [&hellip;]<\/p>\n","protected":false},"author":1,"featured_media":0,"parent":0,"menu_order":0,"comment_status":"closed","ping_status":"closed","template":"","meta":{"footnotes":""},"class_list":["post-18","page","type-page","status-publish","hentry"],"_links":{"self":[{"href":"https:\/\/gogoist.com\/en\/wp-json\/wp\/v2\/pages\/18","targetHints":{"allow":["GET"]}}],"collection":[{"href":"https:\/\/gogoist.com\/en\/wp-json\/wp\/v2\/pages"}],"about":[{"href":"https:\/\/gogoist.com\/en\/wp-json\/wp\/v2\/types\/page"}],"author":[{"embeddable":true,"href":"https:\/\/gogoist.com\/en\/wp-json\/wp\/v2\/users\/1"}],"replies":[{"embeddable":true,"href":"https:\/\/gogoist.com\/en\/wp-json\/wp\/v2\/comments?post=18"}],"version-history":[{"count":16,"href":"https:\/\/gogoist.com\/en\/wp-json\/wp\/v2\/pages\/18\/revisions"}],"predecessor-version":[{"id":9404,"href":"https:\/\/gogoist.com\/en\/wp-json\/wp\/v2\/pages\/18\/revisions\/9404"}],"wp:attachment":[{"href":"https:\/\/gogoist.com\/en\/wp-json\/wp\/v2\/media?parent=18"}],"curies":[{"name":"wp","href":"https:\/\/api.w.org\/{rel}","templated":true}]}}